{"id":128,"date":"2020-11-04T02:49:46","date_gmt":"2020-11-04T01:49:46","guid":{"rendered":"https:\/\/demo2wpopal.b-cdn.net\/spacey\/?page_id=128"},"modified":"2026-02-03T17:12:40","modified_gmt":"2026-02-03T16:12:40","slug":"contact","status":"publish","type":"page","link":"https:\/\/www.surtaingites.com\/en\/contact\/","title":{"rendered":"Contact"},"content":{"rendered":"\t\t<div data-elementor-type=\"wp-page\" data-elementor-id=\"128\" class=\"elementor elementor-128\" data-elementor-post-type=\"page\">\n\t\t\t\t\t\t<div class=\"elementor-section elementor-top-section elementor-element elementor-element-a689871 elementor-section-stretched elementor-section-full_width elementor-section-height-default elementor-section-height-default\" data-id=\"a689871\" data-element_type=\"section\" data-e-type=\"section\" data-settings=\"{&quot;stretch_section&quot;:&quot;section-stretched&quot;}\">\n\t\t\t\t\t\t<div class=\"elementor-container elementor-column-gap-no\">\n\t\t\t\t\t<div class=\"elementor-column elementor-col-100 elementor-top-column elementor-element elementor-element-31e2d8e\" data-id=\"31e2d8e\" data-element_type=\"column\" data-e-type=\"column\">\n\t\t\t<div class=\"elementor-widget-wrap elementor-element-populated\">\n\t\t\t\t\t\t<div class=\"elementor-element elementor-element-0c0ed89 elementor-widget elementor-widget-heading\" data-id=\"0c0ed89\" data-element_type=\"widget\" data-e-type=\"widget\" data-widget_type=\"heading.default\">\n\t\t\t\t<div class=\"elementor-widget-container\">\n\t\t\t\t\t<h2 class=\"elementor-heading-title elementor-size-default\">Vous souhaitez nous poser une question ?<\/h2>\t\t\t\t<\/div>\n\t\t\t\t<\/div>\n\t\t\t\t<div class=\"elementor-element elementor-element-06be16c elementor-view-default elementor-position-block-start elementor-mobile-position-block-start elementor-widget elementor-widget-icon-box\" data-id=\"06be16c\" data-element_type=\"widget\" data-e-type=\"widget\" data-widget_type=\"icon-box.default\">\n\t\t\t\t<div class=\"elementor-widget-container\">\n\t\t\t\t\t\t\t<div class=\"elementor-icon-box-wrapper\">\n\n\t\t\t\t\t\t<div class=\"elementor-icon-box-icon\">\n\t\t\t\t<span  class=\"elementor-icon\">\n\t\t\t\t<svg xmlns=\"http:\/\/www.w3.org\/2000\/svg\" width=\"800px\" height=\"800px\" viewBox=\"0 0 24 24\" fill=\"none\"><path d=\"M21 5.5C21 14.0604 14.0604 21 5.5 21C5.11378 21 4.73086 20.9859 4.35172 20.9581C3.91662 20.9262 3.69906 20.9103 3.50103 20.7963C3.33701 20.7019 3.18146 20.5345 3.09925 20.364C3 20.1582 3 19.9181 3 19.438V16.6207C3 16.2169 3 16.015 3.06645 15.842C3.12515 15.6891 3.22049 15.553 3.3441 15.4456C3.48403 15.324 3.67376 15.255 4.05321 15.117L7.26005 13.9509C7.70153 13.7904 7.92227 13.7101 8.1317 13.7237C8.31637 13.7357 8.49408 13.7988 8.64506 13.9058C8.81628 14.0271 8.93713 14.2285 9.17882 14.6314L10 16C12.6499 14.7999 14.7981 12.6489 16 10L14.6314 9.17882C14.2285 8.93713 14.0271 8.81628 13.9058 8.64506C13.7988 8.49408 13.7357 8.31637 13.7237 8.1317C13.7101 7.92227 13.7904 7.70153 13.9509 7.26005L13.9509 7.26005L15.117 4.05321C15.255 3.67376 15.324 3.48403 15.4456 3.3441C15.553 3.22049 15.6891 3.12515 15.842 3.06645C16.015 3 16.2169 3 16.6207 3H19.438C19.9181 3 20.1582 3 20.364 3.09925C20.5345 3.18146 20.7019 3.33701 20.7963 3.50103C20.9103 3.69907 20.9262 3.91662 20.9581 4.35173C20.9859 4.73086 21 5.11378 21 5.5Z\" stroke=\"#000000\" stroke-width=\"2\" stroke-linecap=\"round\" stroke-linejoin=\"round\"><\/path><\/svg>\t\t\t\t<\/span>\n\t\t\t<\/div>\n\t\t\t\n\t\t\t\t\t\t<div class=\"elementor-icon-box-content\">\n\n\t\t\t\t\n\t\t\t\t\t\t\t\t\t<p class=\"elementor-icon-box-description\">\n\t\t\t\t\t\tEnvoyez-nous un e-mail\t\t\t\t\t<\/p>\n\t\t\t\t\n\t\t\t<\/div>\n\t\t\t\n\t\t<\/div>\n\t\t\t\t\t\t<\/div>\n\t\t\t\t<\/div>\n\t\t\t\t<div class=\"elementor-element elementor-element-fdba6e2 elementor-button-align-end elementor-widget elementor-widget-form\" data-id=\"fdba6e2\" data-element_type=\"widget\" data-e-type=\"widget\" data-settings=\"{&quot;step_next_label&quot;:&quot;Suivant&quot;,&quot;step_previous_label&quot;:&quot;Pr\\u00e9c\\u00e9dent&quot;,&quot;button_width&quot;:&quot;100&quot;,&quot;step_type&quot;:&quot;number_text&quot;,&quot;step_icon_shape&quot;:&quot;circle&quot;}\" data-widget_type=\"form.default\">\n\t\t\t\t<div class=\"elementor-widget-container\">\n\t\t\t\t\t\t\t<form class=\"elementor-form\" method=\"post\" id=\"contact_form\" name=\"New Form\" aria-label=\"New Form\">\n\t\t\t<input type=\"hidden\" name=\"post_id\" value=\"128\"\/>\n\t\t\t<input type=\"hidden\" name=\"form_id\" value=\"fdba6e2\"\/>\n\t\t\t<input type=\"hidden\" name=\"referer_title\" value=\"Les Ajoncs\" \/>\n\n\t\t\t\n\t\t\t<div class=\"elementor-form-fields-wrapper elementor-labels-above\">\n\t\t\t\t\t\t\t\t<div class=\"elementor-field-type-text elementor-field-group elementor-column elementor-field-group-name elementor-col-50 elementor-field-required elementor-mark-required\">\n\t\t\t\t\t\t\t\t\t\t\t\t<label for=\"form-field-name\" class=\"elementor-field-label\">\n\t\t\t\t\t\t\t\tVotre nom & votre pr\u00e9nom *\t\t\t\t\t\t\t<\/label>\n\t\t\t\t\t\t\t\t\t\t\t\t\t\t<input size=\"1\" type=\"text\" name=\"form_fields[name]\" id=\"form-field-name\" class=\"elementor-field elementor-size-sm  elementor-field-textual\" placeholder=\"Mon nom et mon pr\u00e9nom ici\" required=\"required\">\n\t\t\t\t\t\t\t\t\t\t\t<\/div>\n\t\t\t\t\t\t\t\t<div class=\"elementor-field-type-email elementor-field-group elementor-column elementor-field-group-email elementor-col-50 elementor-field-required elementor-mark-required\">\n\t\t\t\t\t\t\t\t\t\t\t\t<label for=\"form-field-email\" class=\"elementor-field-label\">\n\t\t\t\t\t\t\t\tVotre adresse mail *\t\t\t\t\t\t\t<\/label>\n\t\t\t\t\t\t\t\t\t\t\t\t\t\t<input size=\"1\" type=\"email\" name=\"form_fields[email]\" id=\"form-field-email\" class=\"elementor-field elementor-size-sm  elementor-field-textual\" placeholder=\"Indiquer votre adresse e-mail ici\" required=\"required\">\n\t\t\t\t\t\t\t\t\t\t\t<\/div>\n\t\t\t\t\t\t\t\t<div class=\"elementor-field-type-tel elementor-field-group elementor-column elementor-field-group-phone elementor-col-50 elementor-field-required elementor-mark-required\">\n\t\t\t\t\t\t\t\t\t\t\t\t<label for=\"form-field-phone\" class=\"elementor-field-label\">\n\t\t\t\t\t\t\t\tVotre num\u00e9ro de t\u00e9l\u00e9phone *\t\t\t\t\t\t\t<\/label>\n\t\t\t\t\t\t\t\t<input size=\"1\" type=\"tel\" name=\"form_fields[phone]\" id=\"form-field-phone\" class=\"elementor-field elementor-size-sm  elementor-field-textual\" placeholder=\"06 00 66 00 99\" required=\"required\" pattern=\"[0-9()#&amp;+*-=.]+\" title=\"Only numbers and phone characters (#, -, *, etc) are accepted.\">\n\n\t\t\t\t\t\t<\/div>\n\t\t\t\t\t\t\t\t<div class=\"elementor-field-type-select elementor-field-group elementor-column elementor-field-group-Objet elementor-col-50 elementor-field-required elementor-mark-required\">\n\t\t\t\t\t\t\t\t\t\t\t\t<label for=\"form-field-Objet\" class=\"elementor-field-label\">\n\t\t\t\t\t\t\t\tObjet de votre demande ? *\t\t\t\t\t\t\t<\/label>\n\t\t\t\t\t\t\t\t<div class=\"elementor-field elementor-select-wrapper remove-before \">\n\t\t\t<div class=\"select-caret-down-wrapper\">\n\t\t\t\t<i aria-hidden=\"true\" class=\"eicon-caret-down\"><\/i>\t\t\t<\/div>\n\t\t\t<select name=\"form_fields[Objet]\" id=\"form-field-Objet\" class=\"elementor-field-textual elementor-size-sm\" required=\"required\">\n\t\t\t\t\t\t\t\t\t<option value=\"Demande d&#039;informations\">Demande d&#039;informations<\/option>\n\t\t\t\t\t\t\t\t\t<option value=\"Demande de disponibilit\u00e9s\">Demande de disponibilit\u00e9s<\/option>\n\t\t\t\t\t\t\t\t\t<option value=\"Tarifs\">Tarifs<\/option>\n\t\t\t\t\t\t\t<\/select>\n\t\t<\/div>\n\t\t\t\t\t\t<\/div>\n\t\t\t\t\t\t\t\t<div class=\"elementor-field-type-textarea elementor-field-group elementor-column elementor-field-group-message elementor-col-100\">\n\t\t\t\t\t\t\t\t\t\t\t\t<label for=\"form-field-message\" class=\"elementor-field-label\">\n\t\t\t\t\t\t\t\tVotre message\t\t\t\t\t\t\t<\/label>\n\t\t\t\t\t\t<textarea class=\"elementor-field-textual elementor-field  elementor-size-sm\" name=\"form_fields[message]\" id=\"form-field-message\" rows=\"4\" placeholder=\"R\u00e9digez nous un petit mot ici !\"><\/textarea>\t\t\t\t<\/div>\n\t\t\t\t\t\t\t\t<div class=\"elementor-field-type-text\">\n\t\t\t\t\t<input size=\"1\" type=\"text\" name=\"form_fields[bzzz]\" id=\"form-field-bzzz\" class=\"elementor-field elementor-size-sm \" style=\"display:none !important;\">\t\t\t\t<\/div>\n\t\t\t\t\t\t\t\t<div class=\"elementor-field-type-recaptcha elementor-field-group elementor-column elementor-field-group-field_5a2aca4 elementor-col-100\">\n\t\t\t\t\t<div class=\"elementor-field\" id=\"form-field-field_5a2aca4\"><div class=\"elementor-g-recaptcha\" data-sitekey=\"6Lf9XaEpAAAAAHp4sn8YxMkCZzap41M1leZbqQqx\" data-type=\"v2_checkbox\" data-theme=\"light\" data-size=\"normal\"><\/div><\/div>\t\t\t\t<\/div>\n\t\t\t\t\t\t\t\t<div class=\"elementor-field-group elementor-column elementor-field-type-submit elementor-col-100 e-form__buttons\">\n\t\t\t\t\t<button class=\"elementor-button elementor-size-sm\" type=\"submit\">\n\t\t\t\t\t\t<span class=\"elementor-button-content-wrapper\">\n\t\t\t\t\t\t\t\t\t\t\t\t\t\t\t<span class=\"elementor-button-icon\">\n\t\t\t\t\t\t\t\t\t<i aria-hidden=\"true\" class=\"spacey-icon- spacey-icon-long-arrow-right\"><\/i>\t\t\t\t\t\t\t\t\t\t\t\t\t\t\t\t\t<\/span>\n\t\t\t\t\t\t\t\t\t\t\t\t\t\t\t\t\t\t\t\t\t\t<span class=\"elementor-button-text\">Envoyer<\/span>\n\t\t\t\t\t\t\t\t\t\t\t\t\t<\/span>\n\t\t\t\t\t<\/button>\n\t\t\t\t<\/div>\n\t\t\t<\/div>\n\t\t<\/form>\n\t\t\t\t\t\t<\/div>\n\t\t\t\t<\/div>\n\t\t\t\t\t<\/div>\n\t\t<\/div>\n\t\t\t\t\t<\/div>\n\t\t<\/div>\n\t\t\t\t<\/div>\n\t\t","protected":false},"excerpt":{"rendered":"<p>Vous souhaitez nous poser une question ? Envoyez-nous un e-mail<\/p>","protected":false},"author":1,"featured_media":0,"parent":0,"menu_order":6,"comment_status":"closed","ping_status":"closed","template":"elementor_header_footer","meta":{"inline_featured_image":false,"footnotes":""},"class_list":["post-128","page","type-page","status-publish","hentry"],"yoast_head":"<!-- This site is optimized with the Yoast SEO plugin v27.5 - https:\/\/yoast.com\/product\/yoast-seo-wordpress\/ -->\n<title>louer un g\u00eete \u00e0 Surtainville | Nous contacter<\/title>\n<meta name=\"description\" content=\"louer un g\u00eete \u00e0 Surtainville en Normandie, c&#039;est assez facile. Toutefois, si d&#039;aventure vous avez des questions avant d&#039;entamer la r\u00e9servation, contactez-nous !\" \/>\n<meta name=\"robots\" content=\"index, follow, max-snippet:-1, max-image-preview:large, max-video-preview:-1\" \/>\n<link rel=\"canonical\" href=\"https:\/\/www.surtaingites.com\/en\/contact\/\" \/>\n<meta property=\"og:locale\" content=\"en_GB\" \/>\n<meta property=\"og:type\" content=\"article\" \/>\n<meta property=\"og:title\" content=\"louer un g\u00eete \u00e0 Surtainville | Nous contacter\" \/>\n<meta property=\"og:description\" content=\"louer un g\u00eete \u00e0 Surtainville en Normandie, c&#039;est assez facile. Toutefois, si d&#039;aventure vous avez des questions avant d&#039;entamer la r\u00e9servation, contactez-nous !\" \/>\n<meta property=\"og:url\" content=\"https:\/\/www.surtaingites.com\/en\/contact\/\" \/>\n<meta property=\"og:site_name\" content=\"Les Ajoncs\" \/>\n<meta property=\"article:modified_time\" content=\"2026-02-03T16:12:40+00:00\" \/>\n<meta name=\"twitter:card\" content=\"summary_large_image\" \/>\n<meta name=\"twitter:label1\" content=\"Estimated reading time\" \/>\n\t<meta name=\"twitter:data1\" content=\"1 minute\" \/>\n<script type=\"application\/ld+json\" class=\"yoast-schema-graph\">{\"@context\":\"https:\\\/\\\/schema.org\",\"@graph\":[{\"@type\":\"WebPage\",\"@id\":\"https:\\\/\\\/www.surtaingites.com\\\/contact\\\/\",\"url\":\"https:\\\/\\\/www.surtaingites.com\\\/contact\\\/\",\"name\":\"louer un g\u00eete \u00e0 Surtainville | Nous contacter\",\"isPartOf\":{\"@id\":\"https:\\\/\\\/www.surtaingites.com\\\/#website\"},\"datePublished\":\"2020-11-04T01:49:46+00:00\",\"dateModified\":\"2026-02-03T16:12:40+00:00\",\"description\":\"louer un g\u00eete \u00e0 Surtainville en Normandie, c'est assez facile. Toutefois, si d'aventure vous avez des questions avant d'entamer la r\u00e9servation, contactez-nous !\",\"breadcrumb\":{\"@id\":\"https:\\\/\\\/www.surtaingites.com\\\/contact\\\/#breadcrumb\"},\"inLanguage\":\"en-GB\",\"potentialAction\":[{\"@type\":\"ReadAction\",\"target\":[\"https:\\\/\\\/www.surtaingites.com\\\/contact\\\/\"]}]},{\"@type\":\"BreadcrumbList\",\"@id\":\"https:\\\/\\\/www.surtaingites.com\\\/contact\\\/#breadcrumb\",\"itemListElement\":[{\"@type\":\"ListItem\",\"position\":1,\"name\":\"Home\",\"item\":\"https:\\\/\\\/www.surtaingites.com\\\/\"},{\"@type\":\"ListItem\",\"position\":2,\"name\":\"Contact\"}]},{\"@type\":\"WebSite\",\"@id\":\"https:\\\/\\\/www.surtaingites.com\\\/#website\",\"url\":\"https:\\\/\\\/www.surtaingites.com\\\/\",\"name\":\"Les Ajoncs\",\"description\":\"G\u00eete \u00e0 Surtainville, Normandie\",\"publisher\":{\"@id\":\"https:\\\/\\\/www.surtaingites.com\\\/#organization\"},\"potentialAction\":[{\"@type\":\"SearchAction\",\"target\":{\"@type\":\"EntryPoint\",\"urlTemplate\":\"https:\\\/\\\/www.surtaingites.com\\\/?s={search_term_string}\"},\"query-input\":{\"@type\":\"PropertyValueSpecification\",\"valueRequired\":true,\"valueName\":\"search_term_string\"}}],\"inLanguage\":\"en-GB\"},{\"@type\":\"Organization\",\"@id\":\"https:\\\/\\\/www.surtaingites.com\\\/#organization\",\"name\":\"Les Ajoncs\",\"url\":\"https:\\\/\\\/www.surtaingites.com\\\/\",\"logo\":{\"@type\":\"ImageObject\",\"inLanguage\":\"en-GB\",\"@id\":\"https:\\\/\\\/www.surtaingites.com\\\/#\\\/schema\\\/logo\\\/image\\\/\",\"url\":\"https:\\\/\\\/www.surtaingites.com\\\/wp-content\\\/uploads\\\/2023\\\/07\\\/Les-ajoncs-logotype-v2.png\",\"contentUrl\":\"https:\\\/\\\/www.surtaingites.com\\\/wp-content\\\/uploads\\\/2023\\\/07\\\/Les-ajoncs-logotype-v2.png\",\"width\":1000,\"height\":388,\"caption\":\"Les Ajoncs\"},\"image\":{\"@id\":\"https:\\\/\\\/www.surtaingites.com\\\/#\\\/schema\\\/logo\\\/image\\\/\"}}]}<\/script>\n<!-- \/ Yoast SEO plugin. -->","yoast_head_json":{"title":"louer un g\u00eete \u00e0 Surtainville | Nous contacter","description":"louer un g\u00eete \u00e0 Surtainville en Normandie, c'est assez facile. Toutefois, si d'aventure vous avez des questions avant d'entamer la r\u00e9servation, contactez-nous !","robots":{"index":"index","follow":"follow","max-snippet":"max-snippet:-1","max-image-preview":"max-image-preview:large","max-video-preview":"max-video-preview:-1"},"canonical":"https:\/\/www.surtaingites.com\/en\/contact\/","og_locale":"en_GB","og_type":"article","og_title":"louer un g\u00eete \u00e0 Surtainville | Nous contacter","og_description":"louer un g\u00eete \u00e0 Surtainville en Normandie, c'est assez facile. Toutefois, si d'aventure vous avez des questions avant d'entamer la r\u00e9servation, contactez-nous !","og_url":"https:\/\/www.surtaingites.com\/en\/contact\/","og_site_name":"Les Ajoncs","article_modified_time":"2026-02-03T16:12:40+00:00","twitter_card":"summary_large_image","twitter_misc":{"Estimated reading time":"1 minute"},"schema":{"@context":"https:\/\/schema.org","@graph":[{"@type":"WebPage","@id":"https:\/\/www.surtaingites.com\/contact\/","url":"https:\/\/www.surtaingites.com\/contact\/","name":"louer un g\u00eete \u00e0 Surtainville | Nous contacter","isPartOf":{"@id":"https:\/\/www.surtaingites.com\/#website"},"datePublished":"2020-11-04T01:49:46+00:00","dateModified":"2026-02-03T16:12:40+00:00","description":"louer un g\u00eete \u00e0 Surtainville en Normandie, c'est assez facile. Toutefois, si d'aventure vous avez des questions avant d'entamer la r\u00e9servation, contactez-nous !","breadcrumb":{"@id":"https:\/\/www.surtaingites.com\/contact\/#breadcrumb"},"inLanguage":"en-GB","potentialAction":[{"@type":"ReadAction","target":["https:\/\/www.surtaingites.com\/contact\/"]}]},{"@type":"BreadcrumbList","@id":"https:\/\/www.surtaingites.com\/contact\/#breadcrumb","itemListElement":[{"@type":"ListItem","position":1,"name":"Home","item":"https:\/\/www.surtaingites.com\/"},{"@type":"ListItem","position":2,"name":"Contact"}]},{"@type":"WebSite","@id":"https:\/\/www.surtaingites.com\/#website","url":"https:\/\/www.surtaingites.com\/","name":"Les Ajoncs","description":"G\u00eete \u00e0 Surtainville, Normandie","publisher":{"@id":"https:\/\/www.surtaingites.com\/#organization"},"potentialAction":[{"@type":"SearchAction","target":{"@type":"EntryPoint","urlTemplate":"https:\/\/www.surtaingites.com\/?s={search_term_string}"},"query-input":{"@type":"PropertyValueSpecification","valueRequired":true,"valueName":"search_term_string"}}],"inLanguage":"en-GB"},{"@type":"Organization","@id":"https:\/\/www.surtaingites.com\/#organization","name":"Les Ajoncs","url":"https:\/\/www.surtaingites.com\/","logo":{"@type":"ImageObject","inLanguage":"en-GB","@id":"https:\/\/www.surtaingites.com\/#\/schema\/logo\/image\/","url":"https:\/\/www.surtaingites.com\/wp-content\/uploads\/2023\/07\/Les-ajoncs-logotype-v2.png","contentUrl":"https:\/\/www.surtaingites.com\/wp-content\/uploads\/2023\/07\/Les-ajoncs-logotype-v2.png","width":1000,"height":388,"caption":"Les Ajoncs"},"image":{"@id":"https:\/\/www.surtaingites.com\/#\/schema\/logo\/image\/"}}]}},"_links":{"self":[{"href":"https:\/\/www.surtaingites.com\/en\/wp-json\/wp\/v2\/pages\/128","targetHints":{"allow":["GET"]}}],"collection":[{"href":"https:\/\/www.surtaingites.com\/en\/wp-json\/wp\/v2\/pages"}],"about":[{"href":"https:\/\/www.surtaingites.com\/en\/wp-json\/wp\/v2\/types\/page"}],"author":[{"embeddable":true,"href":"https:\/\/www.surtaingites.com\/en\/wp-json\/wp\/v2\/users\/1"}],"replies":[{"embeddable":true,"href":"https:\/\/www.surtaingites.com\/en\/wp-json\/wp\/v2\/comments?post=128"}],"version-history":[{"count":55,"href":"https:\/\/www.surtaingites.com\/en\/wp-json\/wp\/v2\/pages\/128\/revisions"}],"predecessor-version":[{"id":9460,"href":"https:\/\/www.surtaingites.com\/en\/wp-json\/wp\/v2\/pages\/128\/revisions\/9460"}],"wp:attachment":[{"href":"https:\/\/www.surtaingites.com\/en\/wp-json\/wp\/v2\/media?parent=128"}],"curies":[{"name":"wp","href":"https:\/\/api.w.org\/{rel}","templated":true}]}}