{"id":2664,"date":"2020-11-10T07:44:30","date_gmt":"2020-11-10T06:44:30","guid":{"rendered":"https:\/\/demo2wpopal.b-cdn.net\/spacey\/?page_id=2664"},"modified":"2026-02-03T17:10:09","modified_gmt":"2026-02-03T16:10:09","slug":"reserver","status":"publish","type":"page","link":"https:\/\/www.surtaingites.com\/en\/reserver\/","title":{"rendered":"Book"},"content":{"rendered":"<div data-elementor-type=\"wp-page\" data-elementor-id=\"2664\" class=\"elementor elementor-2664\" data-elementor-post-type=\"page\">\n\t\t\t\t\t\t<div class=\"elementor-section elementor-top-section elementor-element elementor-element-7370d52 elementor-section-stretched elementor-section-boxed elementor-section-height-default elementor-section-height-default\" data-id=\"7370d52\" data-element_type=\"section\" data-e-type=\"section\" data-settings=\"{&quot;stretch_section&quot;:&quot;section-stretched&quot;}\">\n\t\t\t\t\t\t<div class=\"elementor-container elementor-column-gap-no\">\n\t\t\t\t\t<div class=\"elementor-column elementor-col-50 elementor-top-column elementor-element elementor-element-34b4416\" data-id=\"34b4416\" data-element_type=\"column\" data-e-type=\"column\">\n\t\t\t<div class=\"elementor-widget-wrap elementor-element-populated\">\n\t\t\t\t\t\t<div class=\"elementor-element elementor-element-8bf5f08 elementor-widget-divider--view-line_text elementor-widget-divider--element-align-right elementor-hidden-desktop elementor-hidden-tablet elementor-widget elementor-widget-divider\" data-id=\"8bf5f08\" data-element_type=\"widget\" data-e-type=\"widget\" data-widget_type=\"divider.default\">\n\t\t\t\t<div class=\"elementor-widget-container\">\n\t\t\t\t\t\t\t<div class=\"elementor-divider\">\n\t\t\t<span class=\"elementor-divider-separator\">\n\t\t\t\t\t\t\t<span class=\"elementor-divider__text elementor-divider__element\">\n\t\t\t\tbook\t\t\t\t<\/span>\n\t\t\t\t\t\t<\/span>\n\t\t<\/div>\n\t\t\t\t\t\t<\/div>\n\t\t\t\t<\/div>\n\t\t\t\t<div class=\"elementor-element elementor-element-2228b8a elementor-widget-divider--view-line_text elementor-widget-divider--element-align-right elementor-widget__width-auto elementor-absolute elementor-hidden-phone e-transform elementor-widget elementor-widget-divider\" data-id=\"2228b8a\" data-element_type=\"widget\" data-e-type=\"widget\" data-settings=\"{&quot;_position&quot;:&quot;absolute&quot;,&quot;_transform_rotateZ_effect&quot;:{&quot;unit&quot;:&quot;px&quot;,&quot;size&quot;:-90,&quot;sizes&quot;:[]},&quot;_transform_rotateZ_effect_tablet&quot;:{&quot;unit&quot;:&quot;deg&quot;,&quot;size&quot;:&quot;&quot;,&quot;sizes&quot;:[]},&quot;_transform_rotateZ_effect_mobile&quot;:{&quot;unit&quot;:&quot;deg&quot;,&quot;size&quot;:&quot;&quot;,&quot;sizes&quot;:[]}}\" data-widget_type=\"divider.default\">\n\t\t\t\t<div class=\"elementor-widget-container\">\n\t\t\t\t\t\t\t<div class=\"elementor-divider\">\n\t\t\t<span class=\"elementor-divider-separator\">\n\t\t\t\t\t\t\t<span class=\"elementor-divider__text elementor-divider__element\">\n\t\t\t\tbook\t\t\t\t<\/span>\n\t\t\t\t\t\t<\/span>\n\t\t<\/div>\n\t\t\t\t\t\t<\/div>\n\t\t\t\t<\/div>\n\t\t\t\t<div class=\"elementor-element elementor-element-ce153b1 elementor-widget__width-initial elementor-widget elementor-widget-heading\" data-id=\"ce153b1\" data-element_type=\"widget\" data-e-type=\"widget\" data-widget_type=\"heading.default\">\n\t\t\t\t<div class=\"elementor-widget-container\">\n\t\t\t\t\t<h2 class=\"elementor-heading-title elementor-size-default\">Our rentals<\/h2>\t\t\t\t<\/div>\n\t\t\t\t<\/div>\n\t\t\t\t<div class=\"elementor-element elementor-element-7a2be11 elementor-widget__width-initial elementor-widget elementor-widget-text-editor\" data-id=\"7a2be11\" data-element_type=\"widget\" data-e-type=\"widget\" data-widget_type=\"text-editor.default\">\n\t\t\t\t<div class=\"elementor-widget-container\">\n\t\t\t\t\t\t\t\t\t<p>Nos locations sont id\u00e9alement situ\u00e9es en Normandie et vous pouvez les louer toute l&rsquo;ann\u00e9e pour une dur\u00e9e minium d&rsquo;une semaine.<\/p><p>Do you need more information? Contact us via this link :<\/p>\t\t\t\t\t\t\t\t<\/div>\n\t\t\t\t<\/div>\n\t\t\t\t\t<\/div>\n\t\t<\/div>\n\t\t\t\t<div class=\"elementor-column elementor-col-50 elementor-top-column elementor-element elementor-element-65ec7ab\" data-id=\"65ec7ab\" data-element_type=\"column\" data-e-type=\"column\">\n\t\t\t<div class=\"elementor-widget-wrap elementor-element-populated\">\n\t\t\t\t\t\t<div class=\"elementor-element elementor-element-1c60ad5 elementor-align-left elementor-tablet-align-right elementor-mobile-align-center elementor-widget elementor-widget-button\" data-id=\"1c60ad5\" data-element_type=\"widget\" data-e-type=\"widget\" data-widget_type=\"button.default\">\n\t\t\t\t<div class=\"elementor-widget-container\">\n\t\t\t\t\t\t\t\t\t<div class=\"elementor-button-wrapper\">\n\t\t\t\t\t<a class=\"elementor-button elementor-button-link elementor-size-xs\" href=\"https:\/\/www.surtaingites.com\/en\/?page_id=128\">\n\t\t\t\t\t\t<span class=\"elementor-button-content-wrapper\">\n\t\t\t\t\t\t<span class=\"elementor-button-icon\">\n\t\t\t\t<svg xmlns=\"http:\/\/www.w3.org\/2000\/svg\" xmlns:xlink=\"http:\/\/www.w3.org\/1999\/xlink\" fill=\"#000000\" width=\"800px\" height=\"800px\" viewbox=\"0 0 64 64\" xml:space=\"preserve\"><g id=\"_x32_5_attachment\"><\/g><g id=\"_x32_4_office\"><\/g><g id=\"_x32_3_pin\"><\/g><g id=\"_x32_2_business_card\"><\/g><g id=\"_x32_1_form\"><\/g><g id=\"_x32_0_headset\"><\/g><g id=\"_x31_9_video_call\"><\/g><g id=\"_x31_8_letter_box\"><\/g><g id=\"_x31_7_papperplane\"><g><g><path d=\"M62.9891,2.5618c-0.0765-0.5779-0.6611-0.9805-1.2299-0.8401L7.4043,15.2065c-0.3535,0.0879-0.6318,0.3608-0.7256,0.7129     s0.0112,0.7275,0.2744,0.9795l13.9343,13.3583l-2.7649,17.1495c-0.1079,0.6712,0.4969,1.2576,1.1582,1.1445l18.0805-3.1324     l17.1832,9.6988c0.1523,0.0859,0.3218,0.1289,0.4917,0.1289c0.1523,0,0.3047-0.0347,0.4453-0.1045     c0.2969-0.1475,0.5015-0.4331,0.5459-0.7617l6.9639-51.5542C63.0031,2.7372,63.0007,2.6487,62.9891,2.5618z M9.647,16.7109     L56.8914,4.9902L22.2545,28.7978L9.647,16.7109z M36.9146,43.4663l-16.5942,2.875l2.4995-15.5054L58.8633,6.0615L36.9146,43.4663     z M54.2427,52.6504l-15.3231-8.6492l21.4231-36.509L54.2427,52.6504z\"><\/path><path d=\"M14.4438,51.6099l-4.6948,5.209c-0.3701,0.4102-0.3369,1.0425,0.0732,1.4121c0.1909,0.1724,0.4307,0.2573,0.6689,0.2573     c0.2734,0,0.5459-0.1113,0.7432-0.3306l4.6948-5.209c0.3701-0.4102,0.3369-1.0425-0.0732-1.4121     C15.4463,51.1675,14.8135,51.2002,14.4438,51.6099z\"><\/path><path d=\"M5.9478,29.0562l-4.6909,5.2085c-0.3696,0.4106-0.3364,1.043,0.0742,1.4126c0.1909,0.1719,0.4302,0.2568,0.6685,0.2568     c0.2739,0,0.5459-0.1113,0.7437-0.3311l4.6909-5.2085c0.3696-0.4106,0.3364-1.043-0.0742-1.4126     C6.9487,28.6128,6.3179,28.6455,5.9478,29.0562z\"><\/path><path d=\"M40.8164,55.4331l-4.6909,5.2051c-0.3701,0.4102-0.3369,1.0425,0.0732,1.4121c0.1909,0.1724,0.4307,0.2573,0.6689,0.2573     c0.2734,0,0.5459-0.1113,0.7432-0.3306l4.6909-5.2051c0.3701-0.4102,0.3369-1.0425-0.0732-1.4121     C41.8188,54.9907,41.186,55.0234,40.8164,55.4331z\"><\/path><\/g><\/g><\/g><g id=\"_x31_6_laptop\"><\/g><g id=\"_x31_5_connection\"><\/g><g id=\"_x31_4_phonebook\"><\/g><g id=\"_x31_3_classic_telephone\"><\/g><g id=\"_x31_2_sending_mail\"><\/g><g id=\"_x31_1_man_talking\"><\/g><g id=\"_x31_0_date\"><\/g><g id=\"_x30_9_review\"><\/g><g id=\"_x30_8_email\"><\/g><g id=\"_x30_7_information\"><\/g><g id=\"_x30_6_phone_talking\"><\/g><g id=\"_x30_5_women_talking\"><\/g><g id=\"_x30_4_calling\"><\/g><g id=\"_x30_3_women\"><\/g><g id=\"_x30_2_writing\"><\/g><g id=\"_x30_1_chatting\"><\/g><\/svg>\t\t\t<\/span>\n\t\t\t\t\t\t\t\t\t<span class=\"elementor-button-text\">Contact us<\/span>\n\t\t\t\t\t<\/span>\n\t\t\t\t\t<\/a>\n\t\t\t\t<\/div>\n\t\t\t\t\t\t\t\t<\/div>\n\t\t\t\t<\/div>\n\t\t\t\t\t<\/div>\n\t\t<\/div>\n\t\t\t\t\t<\/div>\n\t\t<\/div>\n\t\t\t\t<div class=\"elementor-section elementor-top-section elementor-element elementor-element-ff0076c elementor-section-boxed elementor-section-height-default elementor-section-height-default\" data-id=\"ff0076c\" data-element_type=\"section\" data-e-type=\"section\">\n\t\t\t\t\t\t<div class=\"elementor-container elementor-column-gap-no\">\n\t\t\t\t\t<div class=\"elementor-column elementor-col-50 elementor-top-column elementor-element elementor-element-156c1de\" data-id=\"156c1de\" data-element_type=\"column\" data-e-type=\"column\" data-settings=\"{&quot;background_background&quot;:&quot;classic&quot;}\">\n\t\t\t<div class=\"elementor-widget-wrap elementor-element-populated\">\n\t\t\t\t\t\t<div class=\"elementor-element elementor-element-b56b617 elementor-widget elementor-widget-spacer\" data-id=\"b56b617\" data-element_type=\"widget\" data-e-type=\"widget\" data-widget_type=\"spacer.default\">\n\t\t\t\t<div class=\"elementor-widget-container\">\n\t\t\t\t\t\t\t<div class=\"elementor-spacer\">\n\t\t\t<div class=\"elementor-spacer-inner\"><\/div>\n\t\t<\/div>\n\t\t\t\t\t\t<\/div>\n\t\t\t\t<\/div>\n\t\t\t\t\t<\/div>\n\t\t<\/div>\n\t\t\t\t<div class=\"elementor-column elementor-col-50 elementor-top-column elementor-element elementor-element-f5b1b23\" data-id=\"f5b1b23\" data-element_type=\"column\" data-e-type=\"column\" data-settings=\"{&quot;background_background&quot;:&quot;classic&quot;}\">\n\t\t\t<div class=\"elementor-widget-wrap elementor-element-populated\">\n\t\t\t\t\t\t<div class=\"elementor-element elementor-element-8b0a681 elementor-widget elementor-widget-heading\" data-id=\"8b0a681\" data-element_type=\"widget\" data-e-type=\"widget\" data-widget_type=\"heading.default\">\n\t\t\t\t<div class=\"elementor-widget-container\">\n\t\t\t\t\t<h2 class=\"elementor-heading-title elementor-size-default\">The Surtainville cottage<\/h2>\t\t\t\t<\/div>\n\t\t\t\t<\/div>\n\t\t\t\t<div class=\"elementor-element elementor-element-2f337a4 elementor-widget elementor-widget-shortcode\" data-id=\"2f337a4\" data-element_type=\"widget\" data-e-type=\"widget\" data-widget_type=\"shortcode.default\">\n\t\t\t\t<div class=\"elementor-widget-container\">\n\t\t\t\t\t\t\t<div class=\"elementor-shortcode\"><\/div>\n\t\t\t\t\t\t<\/div>\n\t\t\t\t<\/div>\n\t\t\t\t<div class=\"elementor-element elementor-element-37abc33 elementor-widget elementor-widget-text-editor\" data-id=\"37abc33\" data-element_type=\"widget\" data-e-type=\"widget\" data-widget_type=\"text-editor.default\">\n\t\t\t\t<div class=\"elementor-widget-container\">\n\t\t\t\t\t\t\t\t\t<p><em><strong>A daily tax about 1,20\u20ac <\/strong>per person over 18 years old will be requested on site<\/em><\/p><p><em><strong>A housecleaning package of 80\u20ac<\/strong> will be automatically added at the end of the reservation process. Whatever the length of your stay.<\/em><\/p>\t\t\t\t\t\t\t\t<\/div>\n\t\t\t\t<\/div>\n\t\t\t\t\t<\/div>\n\t\t<\/div>\n\t\t\t\t\t<\/div>\n\t\t<\/div>\n\t\t\t\t<\/div>","protected":false},"excerpt":{"rendered":"<p>r\u00e9servez r\u00e9servez Nos locations Nos locations sont id\u00e9alement situ\u00e9es en Normandie et vous pouvez les louer toute l&rsquo;ann\u00e9e pour une dur\u00e9e minium d&rsquo;une semaine. Vous avez besoin d&rsquo;infos compl\u00e9mentaires ? Contactez-nous via ce lien : Nous contacter La maison de Surtainville Une taxe de s\u00e9jour de 1,20\u20ac par personne de +18 ans vous sera demand\u00e9e [&hellip;]<\/p>\n","protected":false},"author":1,"featured_media":0,"parent":0,"menu_order":4,"comment_status":"closed","ping_status":"closed","template":"elementor_header_footer","meta":{"inline_featured_image":false,"footnotes":""},"class_list":["post-2664","page","type-page","status-publish","hentry"],"yoast_head":"<!-- This site is optimized with the Yoast SEO plugin v27.5 - https:\/\/yoast.com\/product\/yoast-seo-wordpress\/ -->\n<title>Passer une semaine en normandie | R\u00e9server<\/title>\n<meta name=\"description\" content=\"R\u00e9server une semaine de d\u00e9tente en Normandie, \u00e0 Surtainville, dans la manche. Je me lance, je s\u00e9lectionne mes dates !\" \/>\n<meta name=\"robots\" content=\"index, follow, max-snippet:-1, max-image-preview:large, max-video-preview:-1\" \/>\n<link rel=\"canonical\" href=\"https:\/\/www.surtaingites.com\/en\/reserver\/\" \/>\n<meta property=\"og:locale\" content=\"en_GB\" \/>\n<meta property=\"og:type\" content=\"article\" \/>\n<meta property=\"og:title\" content=\"Passer une semaine en normandie | R\u00e9server\" \/>\n<meta property=\"og:description\" content=\"R\u00e9server une semaine de d\u00e9tente en Normandie, \u00e0 Surtainville, dans la manche. Je me lance, je s\u00e9lectionne mes dates !\" \/>\n<meta property=\"og:url\" content=\"https:\/\/www.surtaingites.com\/en\/reserver\/\" \/>\n<meta property=\"og:site_name\" content=\"Les Ajoncs\" \/>\n<meta property=\"article:modified_time\" content=\"2026-02-03T16:10:09+00:00\" \/>\n<meta property=\"og:image\" content=\"https:\/\/www.surtaingites.com\/wp-content\/uploads\/2023\/08\/20230719_092043-scaled.jpg\" \/>\n\t<meta property=\"og:image:width\" content=\"2560\" \/>\n\t<meta property=\"og:image:height\" content=\"1152\" \/>\n\t<meta property=\"og:image:type\" content=\"image\/jpeg\" \/>\n<meta name=\"twitter:card\" content=\"summary_large_image\" \/>\n<meta name=\"twitter:title\" content=\"Passer une semaine en normandie | R\u00e9server\" \/>\n<meta name=\"twitter:description\" content=\"R\u00e9server une semaine de d\u00e9tente en Normandie, \u00e0 Surtainville, dans la manche. Je me lance, je s\u00e9lectionne mes dates !\" \/>\n<meta name=\"twitter:image\" content=\"https:\/\/www.surtaingites.com\/wp-content\/uploads\/2023\/08\/20230719_092043-scaled.jpg\" \/>\n<meta name=\"twitter:label1\" content=\"Estimated reading time\" \/>\n\t<meta name=\"twitter:data1\" content=\"1 minute\" \/>\n<script type=\"application\/ld+json\" class=\"yoast-schema-graph\">{\"@context\":\"https:\\\/\\\/schema.org\",\"@graph\":[{\"@type\":\"WebPage\",\"@id\":\"https:\\\/\\\/www.surtaingites.com\\\/reserver\\\/\",\"url\":\"https:\\\/\\\/www.surtaingites.com\\\/reserver\\\/\",\"name\":\"Passer une semaine en normandie | R\u00e9server\",\"isPartOf\":{\"@id\":\"https:\\\/\\\/www.surtaingites.com\\\/#website\"},\"datePublished\":\"2020-11-10T06:44:30+00:00\",\"dateModified\":\"2026-02-03T16:10:09+00:00\",\"description\":\"R\u00e9server une semaine de d\u00e9tente en Normandie, \u00e0 Surtainville, dans la manche. Je me lance, je s\u00e9lectionne mes dates !\",\"breadcrumb\":{\"@id\":\"https:\\\/\\\/www.surtaingites.com\\\/reserver\\\/#breadcrumb\"},\"inLanguage\":\"en-GB\",\"potentialAction\":[{\"@type\":\"ReadAction\",\"target\":[\"https:\\\/\\\/www.surtaingites.com\\\/reserver\\\/\"]}]},{\"@type\":\"BreadcrumbList\",\"@id\":\"https:\\\/\\\/www.surtaingites.com\\\/reserver\\\/#breadcrumb\",\"itemListElement\":[{\"@type\":\"ListItem\",\"position\":1,\"name\":\"Home\",\"item\":\"https:\\\/\\\/www.surtaingites.com\\\/\"},{\"@type\":\"ListItem\",\"position\":2,\"name\":\"R\u00e9server\"}]},{\"@type\":\"WebSite\",\"@id\":\"https:\\\/\\\/www.surtaingites.com\\\/#website\",\"url\":\"https:\\\/\\\/www.surtaingites.com\\\/\",\"name\":\"Les Ajoncs\",\"description\":\"G\u00eete \u00e0 Surtainville, Normandie\",\"publisher\":{\"@id\":\"https:\\\/\\\/www.surtaingites.com\\\/#organization\"},\"potentialAction\":[{\"@type\":\"SearchAction\",\"target\":{\"@type\":\"EntryPoint\",\"urlTemplate\":\"https:\\\/\\\/www.surtaingites.com\\\/?s={search_term_string}\"},\"query-input\":{\"@type\":\"PropertyValueSpecification\",\"valueRequired\":true,\"valueName\":\"search_term_string\"}}],\"inLanguage\":\"en-GB\"},{\"@type\":\"Organization\",\"@id\":\"https:\\\/\\\/www.surtaingites.com\\\/#organization\",\"name\":\"Les Ajoncs\",\"url\":\"https:\\\/\\\/www.surtaingites.com\\\/\",\"logo\":{\"@type\":\"ImageObject\",\"inLanguage\":\"en-GB\",\"@id\":\"https:\\\/\\\/www.surtaingites.com\\\/#\\\/schema\\\/logo\\\/image\\\/\",\"url\":\"https:\\\/\\\/www.surtaingites.com\\\/wp-content\\\/uploads\\\/2023\\\/07\\\/Les-ajoncs-logotype-v2.png\",\"contentUrl\":\"https:\\\/\\\/www.surtaingites.com\\\/wp-content\\\/uploads\\\/2023\\\/07\\\/Les-ajoncs-logotype-v2.png\",\"width\":1000,\"height\":388,\"caption\":\"Les Ajoncs\"},\"image\":{\"@id\":\"https:\\\/\\\/www.surtaingites.com\\\/#\\\/schema\\\/logo\\\/image\\\/\"}}]}<\/script>\n<!-- \/ Yoast SEO plugin. -->","yoast_head_json":{"title":"Passer une semaine en normandie | R\u00e9server","description":"R\u00e9server une semaine de d\u00e9tente en Normandie, \u00e0 Surtainville, dans la manche. Je me lance, je s\u00e9lectionne mes dates !","robots":{"index":"index","follow":"follow","max-snippet":"max-snippet:-1","max-image-preview":"max-image-preview:large","max-video-preview":"max-video-preview:-1"},"canonical":"https:\/\/www.surtaingites.com\/en\/reserver\/","og_locale":"en_GB","og_type":"article","og_title":"Passer une semaine en normandie | R\u00e9server","og_description":"R\u00e9server une semaine de d\u00e9tente en Normandie, \u00e0 Surtainville, dans la manche. Je me lance, je s\u00e9lectionne mes dates !","og_url":"https:\/\/www.surtaingites.com\/en\/reserver\/","og_site_name":"Les Ajoncs","article_modified_time":"2026-02-03T16:10:09+00:00","og_image":[{"width":2560,"height":1152,"url":"https:\/\/www.surtaingites.com\/wp-content\/uploads\/2023\/08\/20230719_092043-scaled.jpg","type":"image\/jpeg"}],"twitter_card":"summary_large_image","twitter_title":"Passer une semaine en normandie | R\u00e9server","twitter_description":"R\u00e9server une semaine de d\u00e9tente en Normandie, \u00e0 Surtainville, dans la manche. Je me lance, je s\u00e9lectionne mes dates !","twitter_image":"https:\/\/www.surtaingites.com\/wp-content\/uploads\/2023\/08\/20230719_092043-scaled.jpg","twitter_misc":{"Estimated reading time":"1 minute"},"schema":{"@context":"https:\/\/schema.org","@graph":[{"@type":"WebPage","@id":"https:\/\/www.surtaingites.com\/reserver\/","url":"https:\/\/www.surtaingites.com\/reserver\/","name":"Passer une semaine en normandie | R\u00e9server","isPartOf":{"@id":"https:\/\/www.surtaingites.com\/#website"},"datePublished":"2020-11-10T06:44:30+00:00","dateModified":"2026-02-03T16:10:09+00:00","description":"R\u00e9server une semaine de d\u00e9tente en Normandie, \u00e0 Surtainville, dans la manche. Je me lance, je s\u00e9lectionne mes dates !","breadcrumb":{"@id":"https:\/\/www.surtaingites.com\/reserver\/#breadcrumb"},"inLanguage":"en-GB","potentialAction":[{"@type":"ReadAction","target":["https:\/\/www.surtaingites.com\/reserver\/"]}]},{"@type":"BreadcrumbList","@id":"https:\/\/www.surtaingites.com\/reserver\/#breadcrumb","itemListElement":[{"@type":"ListItem","position":1,"name":"Home","item":"https:\/\/www.surtaingites.com\/"},{"@type":"ListItem","position":2,"name":"R\u00e9server"}]},{"@type":"WebSite","@id":"https:\/\/www.surtaingites.com\/#website","url":"https:\/\/www.surtaingites.com\/","name":"Les Ajoncs","description":"G\u00eete \u00e0 Surtainville, Normandie","publisher":{"@id":"https:\/\/www.surtaingites.com\/#organization"},"potentialAction":[{"@type":"SearchAction","target":{"@type":"EntryPoint","urlTemplate":"https:\/\/www.surtaingites.com\/?s={search_term_string}"},"query-input":{"@type":"PropertyValueSpecification","valueRequired":true,"valueName":"search_term_string"}}],"inLanguage":"en-GB"},{"@type":"Organization","@id":"https:\/\/www.surtaingites.com\/#organization","name":"Les Ajoncs","url":"https:\/\/www.surtaingites.com\/","logo":{"@type":"ImageObject","inLanguage":"en-GB","@id":"https:\/\/www.surtaingites.com\/#\/schema\/logo\/image\/","url":"https:\/\/www.surtaingites.com\/wp-content\/uploads\/2023\/07\/Les-ajoncs-logotype-v2.png","contentUrl":"https:\/\/www.surtaingites.com\/wp-content\/uploads\/2023\/07\/Les-ajoncs-logotype-v2.png","width":1000,"height":388,"caption":"Les Ajoncs"},"image":{"@id":"https:\/\/www.surtaingites.com\/#\/schema\/logo\/image\/"}}]}},"_links":{"self":[{"href":"https:\/\/www.surtaingites.com\/en\/wp-json\/wp\/v2\/pages\/2664","targetHints":{"allow":["GET"]}}],"collection":[{"href":"https:\/\/www.surtaingites.com\/en\/wp-json\/wp\/v2\/pages"}],"about":[{"href":"https:\/\/www.surtaingites.com\/en\/wp-json\/wp\/v2\/types\/page"}],"author":[{"embeddable":true,"href":"https:\/\/www.surtaingites.com\/en\/wp-json\/wp\/v2\/users\/1"}],"replies":[{"embeddable":true,"href":"https:\/\/www.surtaingites.com\/en\/wp-json\/wp\/v2\/comments?post=2664"}],"version-history":[{"count":126,"href":"https:\/\/www.surtaingites.com\/en\/wp-json\/wp\/v2\/pages\/2664\/revisions"}],"predecessor-version":[{"id":9457,"href":"https:\/\/www.surtaingites.com\/en\/wp-json\/wp\/v2\/pages\/2664\/revisions\/9457"}],"wp:attachment":[{"href":"https:\/\/www.surtaingites.com\/en\/wp-json\/wp\/v2\/media?parent=2664"}],"curies":[{"name":"wp","href":"https:\/\/api.w.org\/{rel}","templated":true}]}}