{"id":2863,"date":"2020-11-10T09:21:46","date_gmt":"2020-11-10T08:21:46","guid":{"rendered":"https:\/\/demo2wpopal.b-cdn.net\/spacey\/?page_id=2863"},"modified":"2023-08-24T16:39:31","modified_gmt":"2023-08-24T14:39:31","slug":"mentions-legales","status":"publish","type":"page","link":"https:\/\/www.surtaingites.com\/en\/mentions-legales\/","title":{"rendered":"Legal information"},"content":{"rendered":"<div data-elementor-type=\"wp-page\" data-elementor-id=\"2863\" class=\"elementor elementor-2863\" data-elementor-post-type=\"page\">\n\t\t\t\t\t\t<div class=\"elementor-section elementor-top-section elementor-element elementor-element-40109ebc elementor-section-stretched elementor-section-content-middle elementor-section-full_width elementor-section-height-default elementor-section-height-default\" data-id=\"40109ebc\" data-element_type=\"section\" data-e-type=\"section\" data-settings=\"{&quot;stretch_section&quot;:&quot;section-stretched&quot;,&quot;background_background&quot;:&quot;gradient&quot;}\">\n\t\t\t\t\t\t\t<div class=\"elementor-background-overlay\"><\/div>\n\t\t\t\t\t\t\t<div class=\"elementor-container elementor-column-gap-no\">\n\t\t\t\t\t<div class=\"elementor-column elementor-col-100 elementor-top-column elementor-element elementor-element-62c8ef3c\" data-id=\"62c8ef3c\" data-element_type=\"column\" data-e-type=\"column\" data-settings=\"{&quot;background_background&quot;:&quot;gradient&quot;}\">\n\t\t\t<div class=\"elementor-widget-wrap elementor-element-populated\">\n\t\t\t\t\t\t<div class=\"elementor-element elementor-element-4398985d elementor-widget-divider--view-line_text elementor-widget-divider--element-align-right elementor-hidden-desktop elementor-hidden-tablet elementor-widget elementor-widget-divider\" data-id=\"4398985d\" data-element_type=\"widget\" data-e-type=\"widget\" data-widget_type=\"divider.default\">\n\t\t\t\t<div class=\"elementor-widget-container\">\n\t\t\t\t\t\t\t<div class=\"elementor-divider\">\n\t\t\t<span class=\"elementor-divider-separator\">\n\t\t\t\t\t\t\t<span class=\"elementor-divider__text elementor-divider__element\">\n\t\t\t\tInfo\t\t\t\t<\/span>\n\t\t\t\t\t\t<\/span>\n\t\t<\/div>\n\t\t\t\t\t\t<\/div>\n\t\t\t\t<\/div>\n\t\t\t\t<div class=\"elementor-element elementor-element-68f6e347 elementor-widget-divider--view-line_text elementor-widget-divider--element-align-right elementor-widget__width-auto elementor-absolute elementor-hidden-phone elementor-widget elementor-widget-divider\" data-id=\"68f6e347\" data-element_type=\"widget\" data-e-type=\"widget\" data-settings=\"{&quot;_position&quot;:&quot;absolute&quot;}\" data-widget_type=\"divider.default\">\n\t\t\t\t<div class=\"elementor-widget-container\">\n\t\t\t\t\t\t\t<div class=\"elementor-divider\">\n\t\t\t<span class=\"elementor-divider-separator\">\n\t\t\t\t\t\t\t<span class=\"elementor-divider__text elementor-divider__element\">\n\t\t\t\tInfo\t\t\t\t<\/span>\n\t\t\t\t\t\t<\/span>\n\t\t<\/div>\n\t\t\t\t\t\t<\/div>\n\t\t\t\t<\/div>\n\t\t\t\t<div class=\"elementor-section elementor-inner-section elementor-element elementor-element-6c41f4d6 elementor-section-full_width elementor-section-height-default elementor-section-height-default\" data-id=\"6c41f4d6\" data-element_type=\"section\" data-e-type=\"section\">\n\t\t\t\t\t\t<div class=\"elementor-container elementor-column-gap-no\">\n\t\t\t\t\t<div class=\"elementor-column elementor-col-50 elementor-inner-column elementor-element elementor-element-49b30e28\" data-id=\"49b30e28\" data-element_type=\"column\" data-e-type=\"column\">\n\t\t\t<div class=\"elementor-widget-wrap elementor-element-populated\">\n\t\t\t\t\t\t<div class=\"elementor-element elementor-element-3b49c143 elementor-widget__width-initial elementor-widget elementor-widget-heading\" data-id=\"3b49c143\" data-element_type=\"widget\" data-e-type=\"widget\" data-widget_type=\"heading.default\">\n\t\t\t\t<div class=\"elementor-widget-container\">\n\t\t\t\t\t<h2 class=\"elementor-heading-title elementor-size-default\">Informations juridiques &amp; l\u00e9gales<\/h2>\t\t\t\t<\/div>\n\t\t\t\t<\/div>\n\t\t\t\t<div class=\"elementor-element elementor-element-40f5407 elementor-widget elementor-widget-text-editor\" data-id=\"40f5407\" data-element_type=\"widget\" data-e-type=\"widget\" data-widget_type=\"text-editor.default\">\n\t\t\t\t<div class=\"elementor-widget-container\">\n\t\t\t\t\t\t\t\t\t<p><strong>Postal address:<\/strong> <br \/>S.C.I Lailly<br \/>29 Route des Fieffes<br \/>50270 SURTAINVILLE<\/p><p><strong>COMPANY IDENTIFICATION NUMBER <\/strong>498662303<\/p><p><strong>Legal status :\u00a0<\/strong>S.C.I<\/p><p><strong>Person legally responsible : <\/strong>Olivier Lacroix<\/p>\t\t\t\t\t\t\t\t<\/div>\n\t\t\t\t<\/div>\n\t\t\t\t\t<\/div>\n\t\t<\/div>\n\t\t\t\t<div class=\"elementor-column elementor-col-50 elementor-inner-column elementor-element elementor-element-63d2a371\" data-id=\"63d2a371\" data-element_type=\"column\" data-e-type=\"column\">\n\t\t\t<div class=\"elementor-widget-wrap elementor-element-populated\">\n\t\t\t\t\t\t<div class=\"elementor-element elementor-element-7c8a594 elementor-widget__width-initial elementor-widget elementor-widget-heading\" data-id=\"7c8a594\" data-element_type=\"widget\" data-e-type=\"widget\" data-widget_type=\"heading.default\">\n\t\t\t\t<div class=\"elementor-widget-container\">\n\t\t\t\t\t<h2 class=\"elementor-heading-title elementor-size-default\">Technical information<\/h2>\t\t\t\t<\/div>\n\t\t\t\t<\/div>\n\t\t\t\t<div class=\"elementor-element elementor-element-c00cf2d elementor-widget elementor-widget-text-editor\" data-id=\"c00cf2d\" data-element_type=\"widget\" data-e-type=\"widget\" data-widget_type=\"text-editor.default\">\n\t\t\t\t<div class=\"elementor-widget-container\">\n\t\t\t\t\t\t\t\t\t<p><strong>Site designed by : <a href=\"https:\/\/www.katana-consulting.fr\/\" target=\"_blank\" rel=\"noopener\">KATANA CONSULTING<\/a><\/strong><\/p><p><strong>Site hosted by :<\/strong> OUI HEBERG<\/p><p><strong>Date of first publication : <\/strong>01\/09\/2023<\/p><p><strong>Date of last update :<\/strong> 01\/09\/2023<\/p><p><strong>Site version :<\/strong> v1.0<\/p>\t\t\t\t\t\t\t\t<\/div>\n\t\t\t\t<\/div>\n\t\t\t\t\t<\/div>\n\t\t<\/div>\n\t\t\t\t\t<\/div>\n\t\t<\/div>\n\t\t\t\t\t<\/div>\n\t\t<\/div>\n\t\t\t\t\t<\/div>\n\t\t<\/div>\n\t\t\t\t<\/div>","protected":false},"excerpt":{"rendered":"<p>Info Info Informations juridiques &#038; l\u00e9gales Adresse postale : S.C.I Lailly29 Route des Fieffes50270 SURTAINVILLE SIREN : 498662303 Statut juridique :\u00a0S.C.I Responsable l\u00e9gal : Olivier Lacroix Informations techniques Site con\u00e7u par : KATANA CONSULTING Site h\u00e9berg\u00e9 par : OUI HEBERG Date de premi\u00e8re mise en ligne : 01\/09\/2023 Date de derni\u00e8re MAJ : 01\/09\/2023 Version [&hellip;]<\/p>\n","protected":false},"author":1,"featured_media":0,"parent":0,"menu_order":9,"comment_status":"closed","ping_status":"closed","template":"elementor_header_footer","meta":{"inline_featured_image":false,"footnotes":""},"class_list":["post-2863","page","type-page","status-publish","hentry"],"yoast_head":"<!-- This site is optimized with the Yoast SEO plugin v27.5 - https:\/\/yoast.com\/product\/yoast-seo-wordpress\/ -->\n<title>Mentions l\u00e9gales | Les Ajoncs<\/title>\n<meta name=\"description\" content=\"Toutes les information l\u00e9gales requises pour vous rassurer.\" \/>\n<meta name=\"robots\" content=\"noindex, nofollow\" \/>\n<meta property=\"og:locale\" content=\"en_GB\" \/>\n<meta property=\"og:type\" content=\"article\" \/>\n<meta property=\"og:title\" content=\"Mentions l\u00e9gales | Les Ajoncs\" \/>\n<meta property=\"og:description\" content=\"Toutes les information l\u00e9gales requises pour vous rassurer.\" \/>\n<meta property=\"og:url\" content=\"https:\/\/www.surtaingites.com\/en\/mentions-legales\/\" \/>\n<meta property=\"og:site_name\" content=\"Les Ajoncs\" \/>\n<meta property=\"article:modified_time\" content=\"2023-08-24T14:39:31+00:00\" \/>\n<meta name=\"twitter:card\" content=\"summary_large_image\" \/>\n<meta name=\"twitter:label1\" content=\"Estimated reading time\" \/>\n\t<meta name=\"twitter:data1\" content=\"1 minute\" \/>\n<script type=\"application\/ld+json\" class=\"yoast-schema-graph\">{\"@context\":\"https:\\\/\\\/schema.org\",\"@graph\":[{\"@type\":\"WebPage\",\"@id\":\"https:\\\/\\\/www.surtaingites.com\\\/mentions-legales\\\/\",\"url\":\"https:\\\/\\\/www.surtaingites.com\\\/mentions-legales\\\/\",\"name\":\"Mentions l\u00e9gales | Les Ajoncs\",\"isPartOf\":{\"@id\":\"https:\\\/\\\/www.surtaingites.com\\\/#website\"},\"datePublished\":\"2020-11-10T08:21:46+00:00\",\"dateModified\":\"2023-08-24T14:39:31+00:00\",\"description\":\"Toutes les information l\u00e9gales requises pour vous rassurer.\",\"breadcrumb\":{\"@id\":\"https:\\\/\\\/www.surtaingites.com\\\/mentions-legales\\\/#breadcrumb\"},\"inLanguage\":\"en-GB\",\"potentialAction\":[{\"@type\":\"ReadAction\",\"target\":[\"https:\\\/\\\/www.surtaingites.com\\\/mentions-legales\\\/\"]}]},{\"@type\":\"BreadcrumbList\",\"@id\":\"https:\\\/\\\/www.surtaingites.com\\\/mentions-legales\\\/#breadcrumb\",\"itemListElement\":[{\"@type\":\"ListItem\",\"position\":1,\"name\":\"Home\",\"item\":\"https:\\\/\\\/www.surtaingites.com\\\/\"},{\"@type\":\"ListItem\",\"position\":2,\"name\":\"Mentions l\u00e9gales\"}]},{\"@type\":\"WebSite\",\"@id\":\"https:\\\/\\\/www.surtaingites.com\\\/#website\",\"url\":\"https:\\\/\\\/www.surtaingites.com\\\/\",\"name\":\"Les Ajoncs\",\"description\":\"G\u00eete \u00e0 Surtainville, Normandie\",\"publisher\":{\"@id\":\"https:\\\/\\\/www.surtaingites.com\\\/#organization\"},\"potentialAction\":[{\"@type\":\"SearchAction\",\"target\":{\"@type\":\"EntryPoint\",\"urlTemplate\":\"https:\\\/\\\/www.surtaingites.com\\\/?s={search_term_string}\"},\"query-input\":{\"@type\":\"PropertyValueSpecification\",\"valueRequired\":true,\"valueName\":\"search_term_string\"}}],\"inLanguage\":\"en-GB\"},{\"@type\":\"Organization\",\"@id\":\"https:\\\/\\\/www.surtaingites.com\\\/#organization\",\"name\":\"Les Ajoncs\",\"url\":\"https:\\\/\\\/www.surtaingites.com\\\/\",\"logo\":{\"@type\":\"ImageObject\",\"inLanguage\":\"en-GB\",\"@id\":\"https:\\\/\\\/www.surtaingites.com\\\/#\\\/schema\\\/logo\\\/image\\\/\",\"url\":\"https:\\\/\\\/www.surtaingites.com\\\/wp-content\\\/uploads\\\/2023\\\/07\\\/Les-ajoncs-logotype-v2.png\",\"contentUrl\":\"https:\\\/\\\/www.surtaingites.com\\\/wp-content\\\/uploads\\\/2023\\\/07\\\/Les-ajoncs-logotype-v2.png\",\"width\":1000,\"height\":388,\"caption\":\"Les Ajoncs\"},\"image\":{\"@id\":\"https:\\\/\\\/www.surtaingites.com\\\/#\\\/schema\\\/logo\\\/image\\\/\"}}]}<\/script>\n<!-- \/ Yoast SEO plugin. -->","yoast_head_json":{"title":"Mentions l\u00e9gales | Les Ajoncs","description":"Toutes les information l\u00e9gales requises pour vous rassurer.","robots":{"index":"noindex","follow":"nofollow"},"og_locale":"en_GB","og_type":"article","og_title":"Mentions l\u00e9gales | Les Ajoncs","og_description":"Toutes les information l\u00e9gales requises pour vous rassurer.","og_url":"https:\/\/www.surtaingites.com\/en\/mentions-legales\/","og_site_name":"Les Ajoncs","article_modified_time":"2023-08-24T14:39:31+00:00","twitter_card":"summary_large_image","twitter_misc":{"Estimated reading time":"1 minute"},"schema":{"@context":"https:\/\/schema.org","@graph":[{"@type":"WebPage","@id":"https:\/\/www.surtaingites.com\/mentions-legales\/","url":"https:\/\/www.surtaingites.com\/mentions-legales\/","name":"Mentions l\u00e9gales | Les Ajoncs","isPartOf":{"@id":"https:\/\/www.surtaingites.com\/#website"},"datePublished":"2020-11-10T08:21:46+00:00","dateModified":"2023-08-24T14:39:31+00:00","description":"Toutes les information l\u00e9gales requises pour vous rassurer.","breadcrumb":{"@id":"https:\/\/www.surtaingites.com\/mentions-legales\/#breadcrumb"},"inLanguage":"en-GB","potentialAction":[{"@type":"ReadAction","target":["https:\/\/www.surtaingites.com\/mentions-legales\/"]}]},{"@type":"BreadcrumbList","@id":"https:\/\/www.surtaingites.com\/mentions-legales\/#breadcrumb","itemListElement":[{"@type":"ListItem","position":1,"name":"Home","item":"https:\/\/www.surtaingites.com\/"},{"@type":"ListItem","position":2,"name":"Mentions l\u00e9gales"}]},{"@type":"WebSite","@id":"https:\/\/www.surtaingites.com\/#website","url":"https:\/\/www.surtaingites.com\/","name":"Les Ajoncs","description":"G\u00eete \u00e0 Surtainville, Normandie","publisher":{"@id":"https:\/\/www.surtaingites.com\/#organization"},"potentialAction":[{"@type":"SearchAction","target":{"@type":"EntryPoint","urlTemplate":"https:\/\/www.surtaingites.com\/?s={search_term_string}"},"query-input":{"@type":"PropertyValueSpecification","valueRequired":true,"valueName":"search_term_string"}}],"inLanguage":"en-GB"},{"@type":"Organization","@id":"https:\/\/www.surtaingites.com\/#organization","name":"Les Ajoncs","url":"https:\/\/www.surtaingites.com\/","logo":{"@type":"ImageObject","inLanguage":"en-GB","@id":"https:\/\/www.surtaingites.com\/#\/schema\/logo\/image\/","url":"https:\/\/www.surtaingites.com\/wp-content\/uploads\/2023\/07\/Les-ajoncs-logotype-v2.png","contentUrl":"https:\/\/www.surtaingites.com\/wp-content\/uploads\/2023\/07\/Les-ajoncs-logotype-v2.png","width":1000,"height":388,"caption":"Les Ajoncs"},"image":{"@id":"https:\/\/www.surtaingites.com\/#\/schema\/logo\/image\/"}}]}},"_links":{"self":[{"href":"https:\/\/www.surtaingites.com\/en\/wp-json\/wp\/v2\/pages\/2863","targetHints":{"allow":["GET"]}}],"collection":[{"href":"https:\/\/www.surtaingites.com\/en\/wp-json\/wp\/v2\/pages"}],"about":[{"href":"https:\/\/www.surtaingites.com\/en\/wp-json\/wp\/v2\/types\/page"}],"author":[{"embeddable":true,"href":"https:\/\/www.surtaingites.com\/en\/wp-json\/wp\/v2\/users\/1"}],"replies":[{"embeddable":true,"href":"https:\/\/www.surtaingites.com\/en\/wp-json\/wp\/v2\/comments?post=2863"}],"version-history":[{"count":18,"href":"https:\/\/www.surtaingites.com\/en\/wp-json\/wp\/v2\/pages\/2863\/revisions"}],"predecessor-version":[{"id":8057,"href":"https:\/\/www.surtaingites.com\/en\/wp-json\/wp\/v2\/pages\/2863\/revisions\/8057"}],"wp:attachment":[{"href":"https:\/\/www.surtaingites.com\/en\/wp-json\/wp\/v2\/media?parent=2863"}],"curies":[{"name":"wp","href":"https:\/\/api.w.org\/{rel}","templated":true}]}}