{"id":7813,"date":"2023-08-23T17:40:02","date_gmt":"2023-08-23T15:40:02","guid":{"rendered":"https:\/\/www.surtaingites.com\/?page_id=7813"},"modified":"2023-08-24T16:59:19","modified_gmt":"2023-08-24T14:59:19","slug":"rgpd","status":"publish","type":"page","link":"https:\/\/www.surtaingites.com\/en\/rgpd\/","title":{"rendered":"RGPD Policy"},"content":{"rendered":"<div data-elementor-type=\"wp-page\" data-elementor-id=\"7813\" class=\"elementor elementor-7813\" data-elementor-post-type=\"page\">\n\t\t\t\t\t\t<div class=\"elementor-section elementor-top-section elementor-element elementor-element-79ce0a2f elementor-section-stretched elementor-section-content-middle elementor-section-full_width elementor-section-height-default elementor-section-height-default\" data-id=\"79ce0a2f\" data-element_type=\"section\" data-e-type=\"section\" data-settings=\"{&quot;stretch_section&quot;:&quot;section-stretched&quot;,&quot;background_background&quot;:&quot;gradient&quot;}\">\n\t\t\t\t\t\t\t<div class=\"elementor-background-overlay\"><\/div>\n\t\t\t\t\t\t\t<div class=\"elementor-container elementor-column-gap-no\">\n\t\t\t\t\t<div class=\"elementor-column elementor-col-100 elementor-top-column elementor-element elementor-element-620e402\" data-id=\"620e402\" data-element_type=\"column\" data-e-type=\"column\" data-settings=\"{&quot;background_background&quot;:&quot;gradient&quot;}\">\n\t\t\t<div class=\"elementor-widget-wrap elementor-element-populated\">\n\t\t\t\t\t\t<div class=\"elementor-element elementor-element-145cc094 elementor-widget-divider--view-line_text elementor-widget-divider--element-align-right elementor-hidden-desktop elementor-hidden-tablet elementor-widget elementor-widget-divider\" data-id=\"145cc094\" data-element_type=\"widget\" data-e-type=\"widget\" data-widget_type=\"divider.default\">\n\t\t\t\t<div class=\"elementor-widget-container\">\n\t\t\t\t\t\t\t<div class=\"elementor-divider\">\n\t\t\t<span class=\"elementor-divider-separator\">\n\t\t\t\t\t\t\t<span class=\"elementor-divider__text elementor-divider__element\">\n\t\t\t\tInfo\t\t\t\t<\/span>\n\t\t\t\t\t\t<\/span>\n\t\t<\/div>\n\t\t\t\t\t\t<\/div>\n\t\t\t\t<\/div>\n\t\t\t\t<div class=\"elementor-element elementor-element-24ef52d0 elementor-widget-divider--view-line_text elementor-widget-divider--element-align-right elementor-widget__width-auto elementor-absolute elementor-hidden-phone elementor-widget elementor-widget-divider\" data-id=\"24ef52d0\" data-element_type=\"widget\" data-e-type=\"widget\" data-settings=\"{&quot;_position&quot;:&quot;absolute&quot;}\" data-widget_type=\"divider.default\">\n\t\t\t\t<div class=\"elementor-widget-container\">\n\t\t\t\t\t\t\t<div class=\"elementor-divider\">\n\t\t\t<span class=\"elementor-divider-separator\">\n\t\t\t\t\t\t\t<span class=\"elementor-divider__text elementor-divider__element\">\n\t\t\t\tInfo\t\t\t\t<\/span>\n\t\t\t\t\t\t<\/span>\n\t\t<\/div>\n\t\t\t\t\t\t<\/div>\n\t\t\t\t<\/div>\n\t\t\t\t<div class=\"elementor-section elementor-inner-section elementor-element elementor-element-216e2330 elementor-section-full_width elementor-section-height-default elementor-section-height-default\" data-id=\"216e2330\" data-element_type=\"section\" data-e-type=\"section\">\n\t\t\t\t\t\t<div class=\"elementor-container elementor-column-gap-no\">\n\t\t\t\t\t<div class=\"elementor-column elementor-col-50 elementor-inner-column elementor-element elementor-element-26143e31\" data-id=\"26143e31\" data-element_type=\"column\" data-e-type=\"column\">\n\t\t\t<div class=\"elementor-widget-wrap elementor-element-populated\">\n\t\t\t\t\t\t<div class=\"elementor-element elementor-element-72114589 elementor-widget__width-initial elementor-widget elementor-widget-heading\" data-id=\"72114589\" data-element_type=\"widget\" data-e-type=\"widget\" data-widget_type=\"heading.default\">\n\t\t\t\t<div class=\"elementor-widget-container\">\n\t\t\t\t\t<h3 class=\"elementor-heading-title elementor-size-default\">PERSONAL DATA MANAGEMENT <br \/>AND CONFIDENTIALITY POLICY<\/h3>\t\t\t\t<\/div>\n\t\t\t\t<\/div>\n\t\t\t\t<div class=\"elementor-element elementor-element-61f9b68a elementor-widget elementor-widget-text-editor\" data-id=\"61f9b68a\" data-element_type=\"widget\" data-e-type=\"widget\" data-widget_type=\"text-editor.default\">\n\t\t\t\t<div class=\"elementor-widget-container\">\n\t\t\t\t\t\t\t\t\t<p>In France, personal data is protected by law no. 78-87 of 6 January 1978, law no. 2004-801 of 6 August 2004, article L. 226-13 of the Criminal Code and the European Directive of 24 October 1995.<\/p><p>When using the site <a title=\"\u200c\" href=\"https:\/\/www.surtaingites.com\/en\/\" target=\"_blank\" rel=\"nofollow noopener noreferrer ugc\">surtaingites.com<\/a>The following information may be collected: the URL of the links via which the user has accessed the site <a title=\"\u200c\" href=\"https:\/\/www.surtaingites.com\/en\/\" target=\"_blank\" rel=\"nofollow noopener noreferrer ugc\">surtaingites.com<\/a>the user's internet service provider, the user's internet protocol (IP) address.<\/p><p>In any event, the site owner, Mr LACROIX, only collects personal information relating to the user for the purposes of certain services offered by the site. <a title=\"\u200c\" href=\"https:\/\/www.surtaingites.com\/en\/\" target=\"_blank\" rel=\"nofollow noopener noreferrer ugc\">surtaingites.com<\/a><\/p><p>Users provide this information with full knowledge of the facts, particularly when they enter it themselves. It is then specified to the user of the site <a title=\"\u200c\" href=\"https:\/\/www.surtaingites.com\/en\/\" target=\"_blank\" rel=\"nofollow noopener noreferrer ugc\">surtaingites.com<\/a> the obligation to provide this information.<\/p>\t\t\t\t\t\t\t\t<\/div>\n\t\t\t\t<\/div>\n\t\t\t\t<div class=\"elementor-element elementor-element-cbb43a6 elementor-widget__width-initial elementor-widget elementor-widget-heading\" data-id=\"cbb43a6\" data-element_type=\"widget\" data-e-type=\"widget\" data-widget_type=\"heading.default\">\n\t\t\t\t<div class=\"elementor-widget-container\">\n\t\t\t\t\t<h3 class=\"elementor-heading-title elementor-size-default\">LIENS HYPERTEXTES &amp; COOKIES<\/h3>\t\t\t\t<\/div>\n\t\t\t\t<\/div>\n\t\t\t\t<div class=\"elementor-element elementor-element-e848944 elementor-widget elementor-widget-text-editor\" data-id=\"e848944\" data-element_type=\"widget\" data-e-type=\"widget\" data-widget_type=\"text-editor.default\">\n\t\t\t\t<div class=\"elementor-widget-container\">\n\t\t\t\t\t\t\t\t\t<p>The website <a title=\"\u200c\" href=\"https:\/\/www.surtaingites.com\/en\/\" target=\"_blank\" rel=\"nofollow noopener noreferrer ugc\">surtaingites.com<\/a> contains a number of hypertext links to other sites, set up with the authorisation of M. LACROIX. However, M. LACROIX is not in a position to check the content of sites visited in this way, and consequently accepts no liability in this respect.<\/p><p>In the event that a user or visitor wishes to set up a hyperlink to one of the LES AJONCS websites, they should send an email accessible on the site in order to formulate their request to set up a hyperlink. LES AJONCS reserves the right to accept or refuse a hyperlink without having to justify its decision.<\/p><p>Browsing the site <a title=\"\u200c\" href=\"https:\/\/www.surtaingites.com\/en\/\" target=\"_blank\" rel=\"nofollow noopener noreferrer ugc\">surtaingites.com<\/a> is likely to cause the installation of cookie(s) on the user's computer. A cookie is a small file which does not allow the user to be identified, but which records information relating to the browsing of a computer on a site.<\/p><p>We automatically collect certain information about you when you simply browse our website, in particular: information about the use of our site, such as the areas you visit and the services you access, your IP address, the type of browser you use and your access times. Such information is used exclusively for internal statistical and security purposes of the LES AJONCS site, or to improve the quality of the services offered to you. Databases are protected by the provisions of the Law of 1 July 1998 transposing Directive 96\/9 of 11 March 1996 on the legal protection of databases.<\/p><p>The LES AJONCS website uses third-party solutions that require the use of cookies that collect personal information:<br \/>- Google Analytics statistical solution.<br \/>- Wordfence security solution<\/p><p>Refusal to install a cookie may make it impossible to access certain services. However, users can configure their computer as follows to refuse the installation of cookies:<\/p><p><b><i>Internet Explorer<\/i><\/b> Click on the tool tab (cog-shaped icon at top right) \/ internet options. Click on Confidentiality and choose Block all cookies. Confirm with Ok.<\/p><p><i><b>Firefox<\/b><\/i> At the top of the browser window, click on the Firefox button, then go to the Options tab. Click on the Privacy tab. Set the Retention Rules to: use personalised settings for history. Finally, uncheck it to deactivate cookies.<\/p><p><b><i>In Safari<\/i><\/b> Click on the menu icon (symbolised by a cog) at the top right of the browser. Select Settings. Click on Show advanced settings. In the \"Confidentiality\" section, click on Content settings. In the \"Cookies\" section, you can block cookies.<\/p><p><b><i>Under Chrome<\/i><\/b> Click on the menu icon (symbolised by three horizontal lines) at the top right of the browser. Select Settings. Click on Show advanced settings. In the \"Confidentiality\" section, click on preferences. In the \"Confidentiality\" tab, you can block cookies.<\/p>\t\t\t\t\t\t\t\t<\/div>\n\t\t\t\t<\/div>\n\t\t\t\t\t<\/div>\n\t\t<\/div>\n\t\t\t\t<div class=\"elementor-column elementor-col-50 elementor-inner-column elementor-element elementor-element-76f1b46\" data-id=\"76f1b46\" data-element_type=\"column\" data-e-type=\"column\">\n\t\t\t<div class=\"elementor-widget-wrap elementor-element-populated\">\n\t\t\t\t\t\t<div class=\"elementor-element elementor-element-feb4cd8 elementor-widget__width-initial elementor-widget elementor-widget-heading\" data-id=\"feb4cd8\" data-element_type=\"widget\" data-e-type=\"widget\" data-widget_type=\"heading.default\">\n\t\t\t\t<div class=\"elementor-widget-container\">\n\t\t\t\t\t<h3 class=\"elementor-heading-title elementor-size-default\">CONTACT FORM<\/h3>\t\t\t\t<\/div>\n\t\t\t\t<\/div>\n\t\t\t\t<div class=\"elementor-element elementor-element-5d4dab74 elementor-widget elementor-widget-text-editor\" data-id=\"5d4dab74\" data-element_type=\"widget\" data-e-type=\"widget\" data-widget_type=\"text-editor.default\">\n\t\t\t\t<div class=\"elementor-widget-container\">\n\t\t\t\t\t\t\t\t\t<p>Information collected on the website contact form <a title=\"\u200c\" href=\"https:\/\/www.surtaingites.com\/en\/\" target=\"_blank\" rel=\"nofollow noopener noreferrer ugc\">surtaingites.com<\/a> are sent by e-mail to make commercial proposals relating to the services of LES AJONCS.<\/p><p>This information is sent using the https protocol under an SSL certificate to protect the information when it is sent. It is kept for 1 year and is intended for M. LACROIX, the owner of the site.<\/p><p><strong>These data are as follows:<\/strong><br \/>- Name<br \/>- First name<br \/>- E-mail address<br \/>- Telephone number<br \/>- Free message in which other personal data may be entered by the user on his or her own initiative <em>(we have no control over this)<\/em>.<br \/>- Purpose of the request<\/p><p>The data supplied is only stored in the e-mail box of Mr LACROIX, the person who receives the e-mails via the forms on our site, and in the website database. <a title=\"\u200c\" href=\"https:\/\/www.surtaingites.com\/en\/\" target=\"_blank\" rel=\"nofollow noopener noreferrer ugc\">surtaingites.com<\/a>. It should be noted that the content of the e-mail is also stored on the person's computer (the Internet user visiting the site <a title=\"\u200c\" href=\"https:\/\/www.surtaingites.com\/en\/\" target=\"_blank\" rel=\"nofollow noopener noreferrer ugc\">surtaingites.com<\/a>), which stores the data.<\/p><p>The devices where this data can be accessed (mobile phones and computers) are password-protected.<\/p><p>In all cases, users may refuse to provide their personal data. In this case, they will not be able to use the site's services or request information about these services.<br \/>In accordance with the French Data Protection Act, all users have the right to access, rectify and oppose any personal data concerning them by contacting : M. LACROIX will delete or modify customer data, e-mail address and company address.<\/p><p>No personal information about the user of the <a title=\"\u200c\" href=\"https:\/\/www.surtaingites.com\/en\/\" target=\"_blank\" rel=\"nofollow noopener noreferrer ugc\">surtaingites.com<\/a> is published without the user's knowledge, exchanged, transferred, assigned or sold on any medium whatsoever to third parties. Only the assumption of the repurchase of M\/Mme Name of the owner of the site and its rights would allow the transmission of the aforementioned information to the possible purchaser who would be in turn held of the same obligation of conservation and modification of the data with respect to the user of the site. <a title=\"\u200c\" href=\"https:\/\/www.surtaingites.com\/en\/\" target=\"_blank\" rel=\"nofollow noopener noreferrer ugc\">surtaingites.com<\/a>.<\/p>\t\t\t\t\t\t\t\t<\/div>\n\t\t\t\t<\/div>\n\t\t\t\t<div class=\"elementor-element elementor-element-9051a7f elementor-widget__width-initial elementor-widget elementor-widget-heading\" data-id=\"9051a7f\" data-element_type=\"widget\" data-e-type=\"widget\" data-widget_type=\"heading.default\">\n\t\t\t\t<div class=\"elementor-widget-container\">\n\t\t\t\t\t<h3 class=\"elementor-heading-title elementor-size-default\">APPLICABLE LAW AND JURISDICTION<\/h3>\t\t\t\t<\/div>\n\t\t\t\t<\/div>\n\t\t\t\t<div class=\"elementor-element elementor-element-96d9786 elementor-widget elementor-widget-text-editor\" data-id=\"96d9786\" data-element_type=\"widget\" data-e-type=\"widget\" data-widget_type=\"text-editor.default\">\n\t\t\t\t<div class=\"elementor-widget-container\">\n\t\t\t\t\t\t\t\t\t<p>Any dispute relating to the use of the site <a title=\"\u200c\" href=\"https:\/\/www.surtaingites.com\/en\/\" target=\"_blank\" rel=\"nofollow noopener noreferrer ugc\">surtaingites.com<\/a> is governed by French law. The competent courts of Paris have exclusive jurisdiction.<\/p>\t\t\t\t\t\t\t\t<\/div>\n\t\t\t\t<\/div>\n\t\t\t\t<div class=\"elementor-element elementor-element-3d6548a elementor-widget__width-initial elementor-widget elementor-widget-heading\" data-id=\"3d6548a\" data-element_type=\"widget\" data-e-type=\"widget\" data-widget_type=\"heading.default\">\n\t\t\t\t<div class=\"elementor-widget-container\">\n\t\t\t\t\t<h3 class=\"elementor-heading-title elementor-size-default\">THE MAIN LAWS CONCERNED<\/h3>\t\t\t\t<\/div>\n\t\t\t\t<\/div>\n\t\t\t\t<div class=\"elementor-element elementor-element-8e11d66 elementor-widget elementor-widget-text-editor\" data-id=\"8e11d66\" data-element_type=\"widget\" data-e-type=\"widget\" data-widget_type=\"text-editor.default\">\n\t\t\t\t<div class=\"elementor-widget-container\">\n\t\t\t\t\t\t\t\t\t<p>Act no. 78-17 of 6 January 1978, as amended by Act no. 2004-801 of 6 August 2004 on data processing, data files and individual liberties.<br \/>Law no. 2004-575 of 21 June 2004 on confidence in the digital economy.<\/p>\t\t\t\t\t\t\t\t<\/div>\n\t\t\t\t<\/div>\n\t\t\t\t<div class=\"elementor-element elementor-element-36f3295 elementor-widget__width-initial elementor-widget elementor-widget-heading\" data-id=\"36f3295\" data-element_type=\"widget\" data-e-type=\"widget\" data-widget_type=\"heading.default\">\n\t\t\t\t<div class=\"elementor-widget-container\">\n\t\t\t\t\t<h3 class=\"elementor-heading-title elementor-size-default\">LEXICON<\/h3>\t\t\t\t<\/div>\n\t\t\t\t<\/div>\n\t\t\t\t<div class=\"elementor-element elementor-element-9a9b08e elementor-widget elementor-widget-text-editor\" data-id=\"9a9b08e\" data-element_type=\"widget\" data-e-type=\"widget\" data-widget_type=\"text-editor.default\">\n\t\t\t\t<div class=\"elementor-widget-container\">\n\t\t\t\t\t\t\t\t\t<p>User: Internet user connecting to and using the aforementioned site.<br \/>Personal information: \"information which enables, in any form whatsoever, directly or indirectly, the identification of the natural persons to whom it applies\" (article 4 of law no. 78-17 of 6 January 1978).<\/p>\t\t\t\t\t\t\t\t<\/div>\n\t\t\t\t<\/div>\n\t\t\t\t\t<\/div>\n\t\t<\/div>\n\t\t\t\t\t<\/div>\n\t\t<\/div>\n\t\t\t\t\t<\/div>\n\t\t<\/div>\n\t\t\t\t\t<\/div>\n\t\t<\/div>\n\t\t\t\t<\/div>","protected":false},"excerpt":{"rendered":"<p>Info Info GESTION DES DONN\u00c9ES PERSONNELLES ET POLITIQUE DE CONFIDENTIALIT\u00c9 En France, les donne\u0301es personnelles sont notamment prote\u0301ge\u0301es par la loi n\u00b0 78-87 du 6 janvier 1978, la loi n\u00b0 2004-801 du 6 aou\u0302t 2004, l\u2019article L. 226-13 du Code pe\u0301nal et la Directive Europe\u0301enne du 24 octobre 1995. A l\u2019occasion de l\u2019utilisation du site [&hellip;]<\/p>\n","protected":false},"author":1,"featured_media":0,"parent":0,"menu_order":8,"comment_status":"closed","ping_status":"closed","template":"elementor_header_footer","meta":{"inline_featured_image":false,"footnotes":""},"class_list":["post-7813","page","type-page","status-publish","hentry"],"yoast_head":"<!-- This site is optimized with the Yoast SEO plugin v27.5 - https:\/\/yoast.com\/product\/yoast-seo-wordpress\/ -->\n<title>Les Ajoncs | Politique RGPD<\/title>\n<meta name=\"description\" content=\"Tout conna\u00eetre de notre politique de confidentialit\u00e9 des donn\u00e9es personnelles.\" \/>\n<meta name=\"robots\" content=\"noindex, nofollow\" \/>\n<meta property=\"og:locale\" content=\"en_GB\" \/>\n<meta property=\"og:type\" content=\"article\" \/>\n<meta property=\"og:title\" content=\"Les Ajoncs | Politique RGPD\" \/>\n<meta property=\"og:description\" content=\"Tout conna\u00eetre de notre politique de confidentialit\u00e9 des donn\u00e9es personnelles.\" \/>\n<meta property=\"og:url\" content=\"https:\/\/www.surtaingites.com\/en\/rgpd\/\" \/>\n<meta property=\"og:site_name\" content=\"Les Ajoncs\" \/>\n<meta property=\"article:modified_time\" content=\"2023-08-24T14:59:19+00:00\" \/>\n<meta name=\"twitter:card\" content=\"summary_large_image\" \/>\n<meta name=\"twitter:label1\" content=\"Estimated reading time\" \/>\n\t<meta name=\"twitter:data1\" content=\"6 minutes\" \/>\n<script type=\"application\/ld+json\" class=\"yoast-schema-graph\">{\"@context\":\"https:\\\/\\\/schema.org\",\"@graph\":[{\"@type\":\"WebPage\",\"@id\":\"https:\\\/\\\/www.surtaingites.com\\\/rgpd\\\/\",\"url\":\"https:\\\/\\\/www.surtaingites.com\\\/rgpd\\\/\",\"name\":\"Les Ajoncs | Politique RGPD\",\"isPartOf\":{\"@id\":\"https:\\\/\\\/www.surtaingites.com\\\/#website\"},\"datePublished\":\"2023-08-23T15:40:02+00:00\",\"dateModified\":\"2023-08-24T14:59:19+00:00\",\"description\":\"Tout conna\u00eetre de notre politique de confidentialit\u00e9 des donn\u00e9es personnelles.\",\"breadcrumb\":{\"@id\":\"https:\\\/\\\/www.surtaingites.com\\\/rgpd\\\/#breadcrumb\"},\"inLanguage\":\"en-GB\",\"potentialAction\":[{\"@type\":\"ReadAction\",\"target\":[\"https:\\\/\\\/www.surtaingites.com\\\/rgpd\\\/\"]}]},{\"@type\":\"BreadcrumbList\",\"@id\":\"https:\\\/\\\/www.surtaingites.com\\\/rgpd\\\/#breadcrumb\",\"itemListElement\":[{\"@type\":\"ListItem\",\"position\":1,\"name\":\"Home\",\"item\":\"https:\\\/\\\/www.surtaingites.com\\\/\"},{\"@type\":\"ListItem\",\"position\":2,\"name\":\"Politique RGPD\"}]},{\"@type\":\"WebSite\",\"@id\":\"https:\\\/\\\/www.surtaingites.com\\\/#website\",\"url\":\"https:\\\/\\\/www.surtaingites.com\\\/\",\"name\":\"Les Ajoncs\",\"description\":\"G\u00eete \u00e0 Surtainville, Normandie\",\"publisher\":{\"@id\":\"https:\\\/\\\/www.surtaingites.com\\\/#organization\"},\"potentialAction\":[{\"@type\":\"SearchAction\",\"target\":{\"@type\":\"EntryPoint\",\"urlTemplate\":\"https:\\\/\\\/www.surtaingites.com\\\/?s={search_term_string}\"},\"query-input\":{\"@type\":\"PropertyValueSpecification\",\"valueRequired\":true,\"valueName\":\"search_term_string\"}}],\"inLanguage\":\"en-GB\"},{\"@type\":\"Organization\",\"@id\":\"https:\\\/\\\/www.surtaingites.com\\\/#organization\",\"name\":\"Les Ajoncs\",\"url\":\"https:\\\/\\\/www.surtaingites.com\\\/\",\"logo\":{\"@type\":\"ImageObject\",\"inLanguage\":\"en-GB\",\"@id\":\"https:\\\/\\\/www.surtaingites.com\\\/#\\\/schema\\\/logo\\\/image\\\/\",\"url\":\"https:\\\/\\\/www.surtaingites.com\\\/wp-content\\\/uploads\\\/2023\\\/07\\\/Les-ajoncs-logotype-v2.png\",\"contentUrl\":\"https:\\\/\\\/www.surtaingites.com\\\/wp-content\\\/uploads\\\/2023\\\/07\\\/Les-ajoncs-logotype-v2.png\",\"width\":1000,\"height\":388,\"caption\":\"Les Ajoncs\"},\"image\":{\"@id\":\"https:\\\/\\\/www.surtaingites.com\\\/#\\\/schema\\\/logo\\\/image\\\/\"}}]}<\/script>\n<!-- \/ Yoast SEO plugin. -->","yoast_head_json":{"title":"Les Ajoncs | Politique RGPD","description":"Tout conna\u00eetre de notre politique de confidentialit\u00e9 des donn\u00e9es personnelles.","robots":{"index":"noindex","follow":"nofollow"},"og_locale":"en_GB","og_type":"article","og_title":"Les Ajoncs | Politique RGPD","og_description":"Tout conna\u00eetre de notre politique de confidentialit\u00e9 des donn\u00e9es personnelles.","og_url":"https:\/\/www.surtaingites.com\/en\/rgpd\/","og_site_name":"Les Ajoncs","article_modified_time":"2023-08-24T14:59:19+00:00","twitter_card":"summary_large_image","twitter_misc":{"Estimated reading time":"6 minutes"},"schema":{"@context":"https:\/\/schema.org","@graph":[{"@type":"WebPage","@id":"https:\/\/www.surtaingites.com\/rgpd\/","url":"https:\/\/www.surtaingites.com\/rgpd\/","name":"Les Ajoncs | Politique RGPD","isPartOf":{"@id":"https:\/\/www.surtaingites.com\/#website"},"datePublished":"2023-08-23T15:40:02+00:00","dateModified":"2023-08-24T14:59:19+00:00","description":"Tout conna\u00eetre de notre politique de confidentialit\u00e9 des donn\u00e9es personnelles.","breadcrumb":{"@id":"https:\/\/www.surtaingites.com\/rgpd\/#breadcrumb"},"inLanguage":"en-GB","potentialAction":[{"@type":"ReadAction","target":["https:\/\/www.surtaingites.com\/rgpd\/"]}]},{"@type":"BreadcrumbList","@id":"https:\/\/www.surtaingites.com\/rgpd\/#breadcrumb","itemListElement":[{"@type":"ListItem","position":1,"name":"Home","item":"https:\/\/www.surtaingites.com\/"},{"@type":"ListItem","position":2,"name":"Politique RGPD"}]},{"@type":"WebSite","@id":"https:\/\/www.surtaingites.com\/#website","url":"https:\/\/www.surtaingites.com\/","name":"Les Ajoncs","description":"G\u00eete \u00e0 Surtainville, Normandie","publisher":{"@id":"https:\/\/www.surtaingites.com\/#organization"},"potentialAction":[{"@type":"SearchAction","target":{"@type":"EntryPoint","urlTemplate":"https:\/\/www.surtaingites.com\/?s={search_term_string}"},"query-input":{"@type":"PropertyValueSpecification","valueRequired":true,"valueName":"search_term_string"}}],"inLanguage":"en-GB"},{"@type":"Organization","@id":"https:\/\/www.surtaingites.com\/#organization","name":"Les Ajoncs","url":"https:\/\/www.surtaingites.com\/","logo":{"@type":"ImageObject","inLanguage":"en-GB","@id":"https:\/\/www.surtaingites.com\/#\/schema\/logo\/image\/","url":"https:\/\/www.surtaingites.com\/wp-content\/uploads\/2023\/07\/Les-ajoncs-logotype-v2.png","contentUrl":"https:\/\/www.surtaingites.com\/wp-content\/uploads\/2023\/07\/Les-ajoncs-logotype-v2.png","width":1000,"height":388,"caption":"Les Ajoncs"},"image":{"@id":"https:\/\/www.surtaingites.com\/#\/schema\/logo\/image\/"}}]}},"_links":{"self":[{"href":"https:\/\/www.surtaingites.com\/en\/wp-json\/wp\/v2\/pages\/7813","targetHints":{"allow":["GET"]}}],"collection":[{"href":"https:\/\/www.surtaingites.com\/en\/wp-json\/wp\/v2\/pages"}],"about":[{"href":"https:\/\/www.surtaingites.com\/en\/wp-json\/wp\/v2\/types\/page"}],"author":[{"embeddable":true,"href":"https:\/\/www.surtaingites.com\/en\/wp-json\/wp\/v2\/users\/1"}],"replies":[{"embeddable":true,"href":"https:\/\/www.surtaingites.com\/en\/wp-json\/wp\/v2\/comments?post=7813"}],"version-history":[{"count":40,"href":"https:\/\/www.surtaingites.com\/en\/wp-json\/wp\/v2\/pages\/7813\/revisions"}],"predecessor-version":[{"id":8100,"href":"https:\/\/www.surtaingites.com\/en\/wp-json\/wp\/v2\/pages\/7813\/revisions\/8100"}],"wp:attachment":[{"href":"https:\/\/www.surtaingites.com\/en\/wp-json\/wp\/v2\/media?parent=7813"}],"curies":[{"name":"wp","href":"https:\/\/api.w.org\/{rel}","templated":true}]}}